{"id":46,"date":"2025-07-03T17:38:39","date_gmt":"2025-07-03T15:38:39","guid":{"rendered":"https:\/\/roil.rs\/?post_type=product&#038;p=46"},"modified":"2025-07-27T02:35:25","modified_gmt":"2025-07-27T00:35:25","slug":"sampon-bez-sulfata","status":"publish","type":"product","link":"https:\/\/roil.rs\/?product=sampon-bez-sulfata","title":{"rendered":"\u0160ampon \u2013 Sjaj i nega bez sulfata"},"content":{"rendered":"<p>[et_pb_section fb_built=&#8220;1&#8243; inner_shadow=&#8220;on&#8220; custom_padding_last_edited=&#8220;on|tablet&#8220; _builder_version=&#8220;4.16&#8243; custom_margin=&#8220;0px||0px||true|false&#8220; custom_margin_tablet=&#8220;0px||0px||true|false&#8220; custom_margin_phone=&#8220;0px||0px||false|false&#8220; custom_margin_last_edited=&#8220;on|phone&#8220; custom_padding=&#8220;3px||||false|false&#8220; custom_padding_tablet=&#8220;3px||||false|false&#8220; custom_padding_phone=&#8220;3px||||false|false&#8220; global_colors_info=&#8220;{}&#8220;][et_pb_row _builder_version=&#8220;4.27.4&#8243; _module_preset=&#8220;default&#8220; background_size=&#8220;initial&#8220; background_position=&#8220;top_left&#8220; background_repeat=&#8220;repeat&#8220; width=&#8220;100%&#8220; custom_margin=&#8220;||||false|false&#8220; custom_padding=&#8220;||0px||false|false&#8220; global_colors_info=&#8220;{}&#8220;][et_pb_column type=&#8220;4_4&#8243; _builder_version=&#8220;4.27.4&#8243; _module_preset=&#8220;default&#8220; global_colors_info=&#8220;{}&#8220;][et_pb_wc_title _builder_version=&#8220;4.16&#8243; header_font=&#8220;Playfair Display||||||||&#8220; header_font_size=&#8220;2em&#8220; header_line_height=&#8220;2em&#8220; custom_padding=&#8220;|1em|1em|1em|false|true&#8220; custom_padding_tablet=&#8220;|1em||1em|false|true&#8220; custom_padding_phone=&#8220;|1em||1em|false|true&#8220; custom_padding_last_edited=&#8220;on|desktop&#8220; header_font_size_tablet=&#8220;2em&#8220; header_font_size_phone=&#8220;1.2em&#8220; header_font_size_last_edited=&#8220;on|desktop&#8220; header_line_height_tablet=&#8220;2em&#8220; header_line_height_phone=&#8220;1.3em&#8220; header_line_height_last_edited=&#8220;on|phone&#8220; global_colors_info=&#8220;{}&#8220;][\/et_pb_wc_title][\/et_pb_column][\/et_pb_row][et_pb_row column_structure=&#8220;1_2,1_2&#8243; _builder_version=&#8220;4.16&#8243; background_size=&#8220;initial&#8220; background_position=&#8220;top_left&#8220; background_repeat=&#8220;repeat&#8220; width=&#8220;100%&#8220; custom_margin=&#8220;||||false|false&#8220; custom_padding=&#8220;||||false|false&#8220; global_colors_info=&#8220;{}&#8220;][et_pb_column type=&#8220;1_2&#8243; _builder_version=&#8220;4.16&#8243; custom_padding=&#8220;|||&#8220; global_colors_info=&#8220;{}&#8220; custom_padding__hover=&#8220;|||&#8220;][et_pb_wc_images _builder_version=&#8220;4.16&#8243; custom_padding=&#8220;|10px||10px|false|true&#8220; global_colors_info=&#8220;{}&#8220;][\/et_pb_wc_images][\/et_pb_column][et_pb_column type=&#8220;1_2&#8243; _builder_version=&#8220;4.16&#8243; custom_padding=&#8220;|||&#8220; global_colors_info=&#8220;{}&#8220; custom_padding__hover=&#8220;|||&#8220;][et_pb_wc_price _builder_version=&#8220;4.27.4&#8243; _module_preset=&#8220;default&#8220; body_font=&#8220;Playfair Display||||||||&#8220; body_text_color=&#8220;#2D5946&#8243; text_orientation=&#8220;center&#8220; hover_enabled=&#8220;0&#8243; locked=&#8220;off&#8220; global_colors_info=&#8220;{}&#8220; body_line_height=&#8220;2em&#8220; sticky_enabled=&#8220;0&#8243;][\/et_pb_wc_price][et_pb_wc_description _builder_version=&#8220;4.16&#8243; custom_padding=&#8220;|1em||1em|false|true&#8220; custom_padding_tablet=&#8220;|1em||1em|false|true&#8220; custom_padding_phone=&#8220;|1em|0px|1em|false|true&#8220; custom_padding_last_edited=&#8220;on|phone&#8220; global_colors_info=&#8220;{}&#8220;][\/et_pb_wc_description][et_pb_wc_tabs active_tab_background_color=&#8220;#DCCEB4&#8243; inactive_tab_background_color=&#8220;#FFFFFF&#8220; active_tab_text_color=&#8220;#000000&#8243; include_tabs=&#8220;description|additional_information|&#8220; _builder_version=&#8220;4.16&#8243; tab_text_color=&#8220;#2D5946&#8243; body_font=&#8220;Source Sans Pro||||||||&#8220; tab_font=&#8220;Source Sans Pro|300|||||||&#8220; custom_margin=&#8220;1em|1em||1em|false|true&#8220; custom_margin_tablet=&#8220;1em|1em||1em|false|true&#8220; custom_margin_phone=&#8220;|0em||0em|false|true&#8220; custom_margin_last_edited=&#8220;on|phone&#8220; custom_padding=&#8220;||||false|false&#8220; border_color_top=&#8220;#2D5946&#8243; box_shadow_style=&#8220;preset1&#8243; global_colors_info=&#8220;{}&#8220;]\t\t\t\t\t[\/et_pb_wc_tabs][\/et_pb_column][\/et_pb_row][et_pb_row _builder_version=&#8220;4.16&#8243; background_size=&#8220;initial&#8220; background_position=&#8220;top_left&#8220; background_repeat=&#8220;repeat&#8220; width=&#8220;100%&#8220; global_colors_info=&#8220;{}&#8220;][et_pb_column type=&#8220;4_4&#8243; _builder_version=&#8220;4.16&#8243; custom_padding=&#8220;|||&#8220; global_colors_info=&#8220;{}&#8220; custom_padding__hover=&#8220;|||&#8220;][et_pb_wc_related_products product=&#8220;46&#8243; icon_hover_color=&#8220;#DCCEB4&#8243; hover_overlay_color=&#8220;rgba(45,89,70,0.77)&#8220; hover_icon=&#8220;&#xf043;||fa||900&#8243; show_price=&#8220;off&#8220; show_rating=&#8220;off&#8220; show_sale_badge=&#8220;off&#8220; _builder_version=&#8220;4.27.4&#8243; _module_preset=&#8220;default&#8220; product_title_font=&#8220;Source Sans Pro|200|||||||&#8220; product_title_text_color=&#8220;#2D5946&#8243; product_title_font_size=&#8220;1em&#8220; width=&#8220;50%&#8220; width_tablet=&#8220;75%&#8220; width_phone=&#8220;100%&#8220; width_last_edited=&#8220;on|phone&#8220; max_width=&#8220;89%&#8220; module_alignment=&#8220;center&#8220; custom_margin=&#8220;2em||||false|false&#8220; custom_margin_tablet=&#8220;0em||||false|false&#8220; custom_margin_phone=&#8220;0em||||false|false&#8220; custom_margin_last_edited=&#8220;on|phone&#8220; module_alignment_tablet=&#8220;center&#8220; module_alignment_phone=&#8220;center&#8220; module_alignment_last_edited=&#8220;on|desktop&#8220; global_colors_info=&#8220;{}&#8220;][\/et_pb_wc_related_products][\/et_pb_column][\/et_pb_row][\/et_pb_section]<\/p>\n","protected":false},"excerpt":{"rendered":"<p>Sulfate-free \u0161ampon sa prirodnim uljima poput kokosa, amle i ru\u017ee \u2013 ne\u017eno \u010disti, dubinski hrani i obnavlja kosu, ostavljaju\u0107i je sjajnom, mekanom i punom volumena.<\/p>\n","protected":false},"featured_media":47,"comment_status":"closed","ping_status":"closed","template":"","meta":{"_et_pb_use_builder":"on","_et_pb_old_content":"<div>Blag, prirodan \u0161ampon bez sulfata sa kokosovim uljem, amlom i ekstraktom ru\u017ee. Temeljno \u010disti kosu bez isu\u0161ivanja, vra\u0107a sjaj i meko\u0107u.\r\n<strong>Za koga:<\/strong> Pogodan za sve tipove kose, posebno za obojenu i suvu.\r\n<strong>Upotreba:<\/strong> Naneti na mokru kosu, ne\u017eno umasirati, isprati.\r\n<\/div>\r\n<br \/>\r\n<div>\r\n<h3>Klju\u010dne prednosti:<\/h3>\r\n<ul>\r\n \t<li>Bez sulfata i parabena<\/li>\r\n \t<li>Hrani kosu i \u0161titi boju<\/li>\r\n \t<li>Ostavlja kosu mekanom, sjajnom i laganom<\/li>\r\n<\/ul>\r\n<\/div>","_et_gb_content_width":""},"product_brand":[25],"product_cat":[21],"product_tag":[24,22,23],"class_list":{"0":"post-46","1":"product","2":"type-product","3":"status-publish","4":"has-post-thumbnail","6":"product_brand-roil","7":"product_cat-samponi","8":"product_tag-prirodni-sampon-sjaj","9":"product_tag-roil-sampon","10":"product_tag-sampon-bez-sulfata","12":"first","13":"instock","14":"taxable","15":"shipping-taxable","16":"purchasable","17":"product-type-simple"},"yoast_head":"<!-- This site is optimized with the Yoast SEO plugin v26.3 - https:\/\/yoast.com\/wordpress\/plugins\/seo\/ -->\n<title>\u0160ampon \u2013 Sjaj i nega bez sulfata &#8211; Roil \u2013 Tvoja Kosa. Tvoja Pri\u010da.<\/title>\n<meta name=\"robots\" content=\"index, follow, max-snippet:-1, max-image-preview:large, max-video-preview:-1\" \/>\n<link rel=\"canonical\" href=\"https:\/\/roil.rs\/?product=sampon-bez-sulfata\" \/>\n<meta property=\"og:locale\" content=\"sr_RS\" \/>\n<meta property=\"og:type\" content=\"article\" \/>\n<meta property=\"og:title\" content=\"\u0160ampon \u2013 Sjaj i nega bez sulfata &#8211; Roil \u2013 Tvoja Kosa. Tvoja Pri\u010da.\" \/>\n<meta property=\"og:description\" content=\"Sulfate-free \u0161ampon sa prirodnim uljima poput kokosa, amle i ru\u017ee \u2013 ne\u017eno \u010disti, dubinski hrani i obnavlja kosu, ostavljaju\u0107i je sjajnom, mekanom i punom volumena.\" \/>\n<meta property=\"og:url\" content=\"https:\/\/roil.rs\/?product=sampon-bez-sulfata\" \/>\n<meta property=\"og:site_name\" content=\"Roil \u2013 Tvoja Kosa. Tvoja Pri\u010da.\" \/>\n<meta property=\"article:publisher\" content=\"https:\/\/www.instagram.com\/roil.rs\" \/>\n<meta property=\"article:modified_time\" content=\"2025-07-27T00:35:25+00:00\" \/>\n<meta property=\"og:image\" content=\"https:\/\/roil.rs\/wp-content\/uploads\/2025\/07\/IMG_9792-scaled.jpg\" \/>\n\t<meta property=\"og:image:width\" content=\"2560\" \/>\n\t<meta property=\"og:image:height\" content=\"2560\" \/>\n\t<meta property=\"og:image:type\" content=\"image\/jpeg\" \/>\n<meta name=\"twitter:card\" content=\"summary_large_image\" \/>\n<meta name=\"twitter:label1\" content=\"\u041f\u0440\u043e\u0446\u0435\u045a\u0435\u043d\u043e \u0432\u0440\u0435\u043c\u0435 \u0447\u0438\u0442\u0430\u045a\u0430\" \/>\n\t<meta name=\"twitter:data1\" content=\"3 \u043c\u0438\u043d\u0443\u0442\u0430\" \/>\n<script type=\"application\/ld+json\" class=\"yoast-schema-graph\">{\"@context\":\"https:\/\/schema.org\",\"@graph\":[{\"@type\":\"WebPage\",\"@id\":\"https:\/\/roil.rs\/?product=sampon-bez-sulfata\",\"url\":\"https:\/\/roil.rs\/?product=sampon-bez-sulfata\",\"name\":\"\u0160ampon \u2013 Sjaj i nega bez sulfata &#8211; Roil \u2013 Tvoja Kosa. Tvoja Pri\u010da.\",\"isPartOf\":{\"@id\":\"https:\/\/roil.rs\/#website\"},\"primaryImageOfPage\":{\"@id\":\"https:\/\/roil.rs\/?product=sampon-bez-sulfata#primaryimage\"},\"image\":{\"@id\":\"https:\/\/roil.rs\/?product=sampon-bez-sulfata#primaryimage\"},\"thumbnailUrl\":\"https:\/\/roil.rs\/wp-content\/uploads\/2025\/07\/IMG_9792-scaled.jpg\",\"datePublished\":\"2025-07-03T15:38:39+00:00\",\"dateModified\":\"2025-07-27T00:35:25+00:00\",\"breadcrumb\":{\"@id\":\"https:\/\/roil.rs\/?product=sampon-bez-sulfata#breadcrumb\"},\"inLanguage\":\"sr-RS\",\"potentialAction\":[{\"@type\":\"ReadAction\",\"target\":[\"https:\/\/roil.rs\/?product=sampon-bez-sulfata\"]}]},{\"@type\":\"ImageObject\",\"inLanguage\":\"sr-RS\",\"@id\":\"https:\/\/roil.rs\/?product=sampon-bez-sulfata#primaryimage\",\"url\":\"https:\/\/roil.rs\/wp-content\/uploads\/2025\/07\/IMG_9792-scaled.jpg\",\"contentUrl\":\"https:\/\/roil.rs\/wp-content\/uploads\/2025\/07\/IMG_9792-scaled.jpg\",\"width\":2560,\"height\":2560},{\"@type\":\"BreadcrumbList\",\"@id\":\"https:\/\/roil.rs\/?product=sampon-bez-sulfata#breadcrumb\",\"itemListElement\":[{\"@type\":\"ListItem\",\"position\":1,\"name\":\"Home\",\"item\":\"https:\/\/roil.rs\/\"},{\"@type\":\"ListItem\",\"position\":2,\"name\":\"E-Shop\",\"item\":\"https:\/\/roil.rs\/?page_id=31\"},{\"@type\":\"ListItem\",\"position\":3,\"name\":\"\u0160ampon \u2013 Sjaj i nega bez sulfata\"}]},{\"@type\":\"WebSite\",\"@id\":\"https:\/\/roil.rs\/#website\",\"url\":\"https:\/\/roil.rs\/\",\"name\":\"Roil \u2013 Tvoja Kosa. Tvoja Pri\u010da.\",\"description\":\"Elegantna nega. \u010cista formula.\",\"publisher\":{\"@id\":\"https:\/\/roil.rs\/#organization\"},\"potentialAction\":[{\"@type\":\"SearchAction\",\"target\":{\"@type\":\"EntryPoint\",\"urlTemplate\":\"https:\/\/roil.rs\/?s={search_term_string}\"},\"query-input\":{\"@type\":\"PropertyValueSpecification\",\"valueRequired\":true,\"valueName\":\"search_term_string\"}}],\"inLanguage\":\"sr-RS\"},{\"@type\":\"Organization\",\"@id\":\"https:\/\/roil.rs\/#organization\",\"name\":\"Roil \u2013 Tvoja Kosa. Tvoja Pri\u010da.\",\"url\":\"https:\/\/roil.rs\/\",\"logo\":{\"@type\":\"ImageObject\",\"inLanguage\":\"sr-RS\",\"@id\":\"https:\/\/roil.rs\/#\/schema\/logo\/image\/\",\"url\":\"https:\/\/roil.rs\/wp-content\/uploads\/2025\/04\/Untitled-1-02.png\",\"contentUrl\":\"https:\/\/roil.rs\/wp-content\/uploads\/2025\/04\/Untitled-1-02.png\",\"width\":8000,\"height\":4500,\"caption\":\"Roil \u2013 Tvoja Kosa. Tvoja Pri\u010da.\"},\"image\":{\"@id\":\"https:\/\/roil.rs\/#\/schema\/logo\/image\/\"},\"sameAs\":[\"https:\/\/www.instagram.com\/roil.rs\"]}]}<\/script>\n<!-- \/ Yoast SEO plugin. -->","yoast_head_json":{"title":"\u0160ampon \u2013 Sjaj i nega bez sulfata &#8211; Roil \u2013 Tvoja Kosa. Tvoja Pri\u010da.","robots":{"index":"index","follow":"follow","max-snippet":"max-snippet:-1","max-image-preview":"max-image-preview:large","max-video-preview":"max-video-preview:-1"},"canonical":"https:\/\/roil.rs\/?product=sampon-bez-sulfata","og_locale":"sr_RS","og_type":"article","og_title":"\u0160ampon \u2013 Sjaj i nega bez sulfata &#8211; Roil \u2013 Tvoja Kosa. Tvoja Pri\u010da.","og_description":"Sulfate-free \u0161ampon sa prirodnim uljima poput kokosa, amle i ru\u017ee \u2013 ne\u017eno \u010disti, dubinski hrani i obnavlja kosu, ostavljaju\u0107i je sjajnom, mekanom i punom volumena.","og_url":"https:\/\/roil.rs\/?product=sampon-bez-sulfata","og_site_name":"Roil \u2013 Tvoja Kosa. Tvoja Pri\u010da.","article_publisher":"https:\/\/www.instagram.com\/roil.rs","article_modified_time":"2025-07-27T00:35:25+00:00","og_image":[{"width":2560,"height":2560,"url":"https:\/\/roil.rs\/wp-content\/uploads\/2025\/07\/IMG_9792-scaled.jpg","type":"image\/jpeg"}],"twitter_card":"summary_large_image","twitter_misc":{"\u041f\u0440\u043e\u0446\u0435\u045a\u0435\u043d\u043e \u0432\u0440\u0435\u043c\u0435 \u0447\u0438\u0442\u0430\u045a\u0430":"3 \u043c\u0438\u043d\u0443\u0442\u0430"},"schema":{"@context":"https:\/\/schema.org","@graph":[{"@type":"WebPage","@id":"https:\/\/roil.rs\/?product=sampon-bez-sulfata","url":"https:\/\/roil.rs\/?product=sampon-bez-sulfata","name":"\u0160ampon \u2013 Sjaj i nega bez sulfata &#8211; Roil \u2013 Tvoja Kosa. Tvoja Pri\u010da.","isPartOf":{"@id":"https:\/\/roil.rs\/#website"},"primaryImageOfPage":{"@id":"https:\/\/roil.rs\/?product=sampon-bez-sulfata#primaryimage"},"image":{"@id":"https:\/\/roil.rs\/?product=sampon-bez-sulfata#primaryimage"},"thumbnailUrl":"https:\/\/roil.rs\/wp-content\/uploads\/2025\/07\/IMG_9792-scaled.jpg","datePublished":"2025-07-03T15:38:39+00:00","dateModified":"2025-07-27T00:35:25+00:00","breadcrumb":{"@id":"https:\/\/roil.rs\/?product=sampon-bez-sulfata#breadcrumb"},"inLanguage":"sr-RS","potentialAction":[{"@type":"ReadAction","target":["https:\/\/roil.rs\/?product=sampon-bez-sulfata"]}]},{"@type":"ImageObject","inLanguage":"sr-RS","@id":"https:\/\/roil.rs\/?product=sampon-bez-sulfata#primaryimage","url":"https:\/\/roil.rs\/wp-content\/uploads\/2025\/07\/IMG_9792-scaled.jpg","contentUrl":"https:\/\/roil.rs\/wp-content\/uploads\/2025\/07\/IMG_9792-scaled.jpg","width":2560,"height":2560},{"@type":"BreadcrumbList","@id":"https:\/\/roil.rs\/?product=sampon-bez-sulfata#breadcrumb","itemListElement":[{"@type":"ListItem","position":1,"name":"Home","item":"https:\/\/roil.rs\/"},{"@type":"ListItem","position":2,"name":"E-Shop","item":"https:\/\/roil.rs\/?page_id=31"},{"@type":"ListItem","position":3,"name":"\u0160ampon \u2013 Sjaj i nega bez sulfata"}]},{"@type":"WebSite","@id":"https:\/\/roil.rs\/#website","url":"https:\/\/roil.rs\/","name":"Roil \u2013 Tvoja Kosa. Tvoja Pri\u010da.","description":"Elegantna nega. \u010cista formula.","publisher":{"@id":"https:\/\/roil.rs\/#organization"},"potentialAction":[{"@type":"SearchAction","target":{"@type":"EntryPoint","urlTemplate":"https:\/\/roil.rs\/?s={search_term_string}"},"query-input":{"@type":"PropertyValueSpecification","valueRequired":true,"valueName":"search_term_string"}}],"inLanguage":"sr-RS"},{"@type":"Organization","@id":"https:\/\/roil.rs\/#organization","name":"Roil \u2013 Tvoja Kosa. Tvoja Pri\u010da.","url":"https:\/\/roil.rs\/","logo":{"@type":"ImageObject","inLanguage":"sr-RS","@id":"https:\/\/roil.rs\/#\/schema\/logo\/image\/","url":"https:\/\/roil.rs\/wp-content\/uploads\/2025\/04\/Untitled-1-02.png","contentUrl":"https:\/\/roil.rs\/wp-content\/uploads\/2025\/04\/Untitled-1-02.png","width":8000,"height":4500,"caption":"Roil \u2013 Tvoja Kosa. Tvoja Pri\u010da."},"image":{"@id":"https:\/\/roil.rs\/#\/schema\/logo\/image\/"},"sameAs":["https:\/\/www.instagram.com\/roil.rs"]}]}},"_links":{"self":[{"href":"https:\/\/roil.rs\/index.php?rest_route=\/wp\/v2\/product\/46","targetHints":{"allow":["GET"]}}],"collection":[{"href":"https:\/\/roil.rs\/index.php?rest_route=\/wp\/v2\/product"}],"about":[{"href":"https:\/\/roil.rs\/index.php?rest_route=\/wp\/v2\/types\/product"}],"replies":[{"embeddable":true,"href":"https:\/\/roil.rs\/index.php?rest_route=%2Fwp%2Fv2%2Fcomments&post=46"}],"wp:featuredmedia":[{"embeddable":true,"href":"https:\/\/roil.rs\/index.php?rest_route=\/wp\/v2\/media\/47"}],"wp:attachment":[{"href":"https:\/\/roil.rs\/index.php?rest_route=%2Fwp%2Fv2%2Fmedia&parent=46"}],"wp:term":[{"taxonomy":"product_brand","embeddable":true,"href":"https:\/\/roil.rs\/index.php?rest_route=%2Fwp%2Fv2%2Fproduct_brand&post=46"},{"taxonomy":"product_cat","embeddable":true,"href":"https:\/\/roil.rs\/index.php?rest_route=%2Fwp%2Fv2%2Fproduct_cat&post=46"},{"taxonomy":"product_tag","embeddable":true,"href":"https:\/\/roil.rs\/index.php?rest_route=%2Fwp%2Fv2%2Fproduct_tag&post=46"}],"curies":[{"name":"wp","href":"https:\/\/api.w.org\/{rel}","templated":true}]}}